{"id":24699,"date":"2025-04-03T13:34:03","date_gmt":"2025-04-03T11:34:03","guid":{"rendered":"https:\/\/www.proactivanet.com\/?page_id=24699"},"modified":"2025-07-28T09:48:36","modified_gmt":"2025-07-28T07:48:36","slug":"inteligencia-artificial","status":"publish","type":"page","link":"https:\/\/www.proactivanet.com\/pt-br\/inteligencia-artificial\/","title":{"rendered":"Intelig\u00eancia Artificial e Automa\u00e7\u00e3o"},"content":{"rendered":"","protected":false},"excerpt":{"rendered":"","protected":false},"author":11,"featured_media":24718,"parent":0,"menu_order":218,"comment_status":"closed","ping_status":"closed","template":"","meta":{"_acf_changed":false,"footnotes":""},"class_list":["post-24699","page","type-page","status-publish","has-post-thumbnail","hentry"],"acf":[],"post_mailing_queue_ids":[],"_links":{"self":[{"href":"https:\/\/www.proactivanet.com\/pt-br\/wp-json\/wp\/v2\/pages\/24699","targetHints":{"allow":["GET"]}}],"collection":[{"href":"https:\/\/www.proactivanet.com\/pt-br\/wp-json\/wp\/v2\/pages"}],"about":[{"href":"https:\/\/www.proactivanet.com\/pt-br\/wp-json\/wp\/v2\/types\/page"}],"author":[{"embeddable":true,"href":"https:\/\/www.proactivanet.com\/pt-br\/wp-json\/wp\/v2\/users\/11"}],"replies":[{"embeddable":true,"href":"https:\/\/www.proactivanet.com\/pt-br\/wp-json\/wp\/v2\/comments?post=24699"}],"version-history":[{"count":6,"href":"https:\/\/www.proactivanet.com\/pt-br\/wp-json\/wp\/v2\/pages\/24699\/revisions"}],"predecessor-version":[{"id":25286,"href":"https:\/\/www.proactivanet.com\/pt-br\/wp-json\/wp\/v2\/pages\/24699\/revisions\/25286"}],"wp:featuredmedia":[{"embeddable":true,"href":"https:\/\/www.proactivanet.com\/pt-br\/wp-json\/wp\/v2\/media\/24718"}],"wp:attachment":[{"href":"https:\/\/www.proactivanet.com\/pt-br\/wp-json\/wp\/v2\/media?parent=24699"}],"curies":[{"name":"wp","href":"https:\/\/api.w.org\/{rel}","templated":true}]}}