{"id":23347,"date":"2025-01-16T23:56:26","date_gmt":"2025-01-16T22:56:26","guid":{"rendered":"https:\/\/www.proactivanet.com\/aparicoes-na-midia\/"},"modified":"2025-07-28T09:48:40","modified_gmt":"2025-07-28T07:48:40","slug":"aparicoes-na-midia","status":"publish","type":"page","link":"https:\/\/www.proactivanet.com\/pt-br\/aparicoes-na-midia\/","title":{"rendered":"Apari\u00e7\u00f5es na m\u00eddia"},"content":{"rendered":"","protected":false},"excerpt":{"rendered":"","protected":false},"author":5,"featured_media":0,"parent":0,"menu_order":31,"comment_status":"closed","ping_status":"closed","template":"template-apariciones-en-medios.php","meta":{"_acf_changed":false,"footnotes":""},"class_list":["post-23347","page","type-page","status-publish","hentry"],"acf":[],"post_mailing_queue_ids":[],"_links":{"self":[{"href":"https:\/\/www.proactivanet.com\/pt-br\/wp-json\/wp\/v2\/pages\/23347","targetHints":{"allow":["GET"]}}],"collection":[{"href":"https:\/\/www.proactivanet.com\/pt-br\/wp-json\/wp\/v2\/pages"}],"about":[{"href":"https:\/\/www.proactivanet.com\/pt-br\/wp-json\/wp\/v2\/types\/page"}],"author":[{"embeddable":true,"href":"https:\/\/www.proactivanet.com\/pt-br\/wp-json\/wp\/v2\/users\/5"}],"replies":[{"embeddable":true,"href":"https:\/\/www.proactivanet.com\/pt-br\/wp-json\/wp\/v2\/comments?post=23347"}],"version-history":[{"count":1,"href":"https:\/\/www.proactivanet.com\/pt-br\/wp-json\/wp\/v2\/pages\/23347\/revisions"}],"predecessor-version":[{"id":27712,"href":"https:\/\/www.proactivanet.com\/pt-br\/wp-json\/wp\/v2\/pages\/23347\/revisions\/27712"}],"wp:attachment":[{"href":"https:\/\/www.proactivanet.com\/pt-br\/wp-json\/wp\/v2\/media?parent=23347"}],"curies":[{"name":"wp","href":"https:\/\/api.w.org\/{rel}","templated":true}]}}