{"id":23224,"date":"2022-08-19T17:28:39","date_gmt":"2022-08-19T15:28:39","guid":{"rendered":"https:\/\/www.proactivanet.com\/catalogo-e-portfolio-de-servicos\/"},"modified":"2025-02-24T14:57:23","modified_gmt":"2025-02-24T13:57:23","slug":"catalogo-e-portfolio-de-servicos","status":"publish","type":"page","link":"https:\/\/www.proactivanet.com\/pt-br\/catalogo-e-portfolio-de-servicos\/","title":{"rendered":"Cat\u00e1logo e portf\u00f3lio de servi\u00e7os"},"content":{"rendered":"","protected":false},"excerpt":{"rendered":"","protected":false},"author":5,"featured_media":0,"parent":0,"menu_order":233,"comment_status":"closed","ping_status":"closed","template":"","meta":{"_acf_changed":false,"footnotes":""},"class_list":["post-23224","page","type-page","status-publish","hentry"],"acf":[],"post_mailing_queue_ids":[],"_links":{"self":[{"href":"https:\/\/www.proactivanet.com\/pt-br\/wp-json\/wp\/v2\/pages\/23224","targetHints":{"allow":["GET"]}}],"collection":[{"href":"https:\/\/www.proactivanet.com\/pt-br\/wp-json\/wp\/v2\/pages"}],"about":[{"href":"https:\/\/www.proactivanet.com\/pt-br\/wp-json\/wp\/v2\/types\/page"}],"author":[{"embeddable":true,"href":"https:\/\/www.proactivanet.com\/pt-br\/wp-json\/wp\/v2\/users\/5"}],"replies":[{"embeddable":true,"href":"https:\/\/www.proactivanet.com\/pt-br\/wp-json\/wp\/v2\/comments?post=23224"}],"version-history":[{"count":1,"href":"https:\/\/www.proactivanet.com\/pt-br\/wp-json\/wp\/v2\/pages\/23224\/revisions"}],"predecessor-version":[{"id":24214,"href":"https:\/\/www.proactivanet.com\/pt-br\/wp-json\/wp\/v2\/pages\/23224\/revisions\/24214"}],"wp:attachment":[{"href":"https:\/\/www.proactivanet.com\/pt-br\/wp-json\/wp\/v2\/media?parent=23224"}],"curies":[{"name":"wp","href":"https:\/\/api.w.org\/{rel}","templated":true}]}}