{"id":23149,"date":"2023-05-16T19:12:32","date_gmt":"2023-05-16T17:12:32","guid":{"rendered":"https:\/\/www.proactivanet.com\/equipe-proxima-atencao-em-espanhol\/"},"modified":"2025-04-01T17:59:16","modified_gmt":"2025-04-01T15:59:16","slug":"equipe-proxima-atencao-em-portugues","status":"publish","type":"page","link":"https:\/\/www.proactivanet.com\/pt-br\/equipe-proxima-atencao-em-portugues\/","title":{"rendered":"Equipe pr\u00f3xima, aten\u00e7\u00e3o em portugu\u00eas"},"content":{"rendered":"","protected":false},"excerpt":{"rendered":"","protected":false},"author":7,"featured_media":0,"parent":0,"menu_order":347,"comment_status":"closed","ping_status":"closed","template":"","meta":{"_acf_changed":false,"footnotes":""},"class_list":["post-23149","page","type-page","status-publish","hentry"],"acf":[],"post_mailing_queue_ids":[],"_links":{"self":[{"href":"https:\/\/www.proactivanet.com\/pt-br\/wp-json\/wp\/v2\/pages\/23149","targetHints":{"allow":["GET"]}}],"collection":[{"href":"https:\/\/www.proactivanet.com\/pt-br\/wp-json\/wp\/v2\/pages"}],"about":[{"href":"https:\/\/www.proactivanet.com\/pt-br\/wp-json\/wp\/v2\/types\/page"}],"author":[{"embeddable":true,"href":"https:\/\/www.proactivanet.com\/pt-br\/wp-json\/wp\/v2\/users\/7"}],"replies":[{"embeddable":true,"href":"https:\/\/www.proactivanet.com\/pt-br\/wp-json\/wp\/v2\/comments?post=23149"}],"version-history":[{"count":4,"href":"https:\/\/www.proactivanet.com\/pt-br\/wp-json\/wp\/v2\/pages\/23149\/revisions"}],"predecessor-version":[{"id":24603,"href":"https:\/\/www.proactivanet.com\/pt-br\/wp-json\/wp\/v2\/pages\/23149\/revisions\/24603"}],"wp:attachment":[{"href":"https:\/\/www.proactivanet.com\/pt-br\/wp-json\/wp\/v2\/media?parent=23149"}],"curies":[{"name":"wp","href":"https:\/\/api.w.org\/{rel}","templated":true}]}}