{"id":23080,"date":"2022-08-16T23:30:50","date_gmt":"2022-08-16T21:30:50","guid":{"rendered":"https:\/\/www.proactivanet.com\/combinacao-eficaz-de-potencia-e-agilidade\/"},"modified":"2025-02-24T14:27:06","modified_gmt":"2025-02-24T13:27:06","slug":"combinacao-eficaz-de-potencia-e-agilidade","status":"publish","type":"page","link":"https:\/\/www.proactivanet.com\/pt-br\/combinacao-eficaz-de-potencia-e-agilidade\/","title":{"rendered":"Combina\u00e7\u00e3o eficaz de pot\u00eancia e agilidade"},"content":{"rendered":"","protected":false},"excerpt":{"rendered":"","protected":false},"author":5,"featured_media":0,"parent":0,"menu_order":352,"comment_status":"closed","ping_status":"closed","template":"","meta":{"_acf_changed":false,"footnotes":""},"class_list":["post-23080","page","type-page","status-publish","hentry"],"acf":[],"post_mailing_queue_ids":[],"_links":{"self":[{"href":"https:\/\/www.proactivanet.com\/pt-br\/wp-json\/wp\/v2\/pages\/23080","targetHints":{"allow":["GET"]}}],"collection":[{"href":"https:\/\/www.proactivanet.com\/pt-br\/wp-json\/wp\/v2\/pages"}],"about":[{"href":"https:\/\/www.proactivanet.com\/pt-br\/wp-json\/wp\/v2\/types\/page"}],"author":[{"embeddable":true,"href":"https:\/\/www.proactivanet.com\/pt-br\/wp-json\/wp\/v2\/users\/5"}],"replies":[{"embeddable":true,"href":"https:\/\/www.proactivanet.com\/pt-br\/wp-json\/wp\/v2\/comments?post=23080"}],"version-history":[{"count":1,"href":"https:\/\/www.proactivanet.com\/pt-br\/wp-json\/wp\/v2\/pages\/23080\/revisions"}],"predecessor-version":[{"id":24205,"href":"https:\/\/www.proactivanet.com\/pt-br\/wp-json\/wp\/v2\/pages\/23080\/revisions\/24205"}],"wp:attachment":[{"href":"https:\/\/www.proactivanet.com\/pt-br\/wp-json\/wp\/v2\/media?parent=23080"}],"curies":[{"name":"wp","href":"https:\/\/api.w.org\/{rel}","templated":true}]}}